{"id":14,"date":"2025-06-05T19:18:17","date_gmt":"2025-06-05T19:18:17","guid":{"rendered":"https:\/\/barbachanautomotriz.com\/?page_id=14"},"modified":"2025-06-05T19:44:15","modified_gmt":"2025-06-05T19:44:15","slug":"hb-representaciones-y-servicios","status":"publish","type":"page","link":"https:\/\/barbachanautomotriz.com\/","title":{"rendered":"HB REPRESENTACIONES Y SERVICIOS"},"content":{"rendered":"<div class=\"wpb-content-wrapper\">[vc_row][vc_column][vc_column_text]La empresa HB Representaciones y Servicios EIRL. Tiene como una de sus<\/p>\r\n\r\n<p>principales actividades la prestaci\u00f3n de diferentes servicios para el desarrollo<\/p>\r\n\r\n<p>de proyectos en el sector minero, industrial y construcci\u00f3n a nivel local,<\/p>\r\n\r\n<p>regional y nacional.<\/p>\r\n\r\n<p>Nuestro personal profesional altamente calificado, equipos de \u00faltima generaci\u00f3n y la<\/p>\r\n\r\n<p>aplicaci\u00f3n de altos est\u00e1ndares de calidad, seguridad y control del medio ambiente en las<\/p>\r\n\r\n<p>operaciones que participamos, nos acreditan como una de las empresas m\u00e1s confiables del<\/p>\r\n\r\n<p>sector .<\/p>\r\n[\/vc_column_text][\/vc_column][\/vc_row][vc_row][vc_column][vc_column_text css=\u00bb\u00bb]\r\n<h3 data-start=\"208\" data-end=\"248\">Bienvenido a Barbachan Automotriz<\/h3>\r\n<p data-start=\"249\" data-end=\"322\"><strong data-start=\"249\" data-end=\"322\">Tu taller mec\u00e1nico de confianza para todo tipo de veh\u00edculos en Huaraz<\/strong><\/p>\r\n<p data-start=\"324\" data-end=\"693\">En <strong data-start=\"327\" data-end=\"351\">Barbachan Automotriz<\/strong> somos especialistas en el diagn\u00f3stico, mantenimiento preventivo, correctivo y reparaci\u00f3n integral de <strong data-start=\"453\" data-end=\"500\">autos, camionetas, combis, buses y camiones<\/strong>. Nuestro taller cuenta con <strong data-start=\"528\" data-end=\"636\">infraestructura moderna, equipamiento de \u00faltima generaci\u00f3n y un equipo de t\u00e9cnicos altamente calificados<\/strong>, listos para atender cualquier necesidad de tu veh\u00edculo.<\/p>\r\n<hr data-start=\"695\" data-end=\"698\" \/>\r\n<h3 data-start=\"700\" data-end=\"720\">\ud83d\ude97 \u00bfQu\u00e9 hacemos?<\/h3>\r\n<ul data-start=\"721\" data-end=\"999\">\r\n<li data-start=\"721\" data-end=\"771\">\r\n<p data-start=\"723\" data-end=\"771\">\u2705 Revisi\u00f3n y mantenimiento preventivo completo<\/p>\r\n<\/li>\r\n<li data-start=\"772\" data-end=\"837\">\r\n<p data-start=\"774\" data-end=\"837\">\ud83d\udd27 Reparaci\u00f3n de motores, suspensi\u00f3n, frenos, embragues y m\u00e1s<\/p>\r\n<\/li>\r\n<li data-start=\"838\" data-end=\"890\">\r\n<p data-start=\"840\" data-end=\"890\">\ud83d\udd0b Diagn\u00f3stico computarizado y escaneo vehicular<\/p>\r\n<\/li>\r\n<li data-start=\"891\" data-end=\"942\">\r\n<p data-start=\"893\" data-end=\"942\">\ud83e\uddfc Servicios de planchado y pintura profesional<\/p>\r\n<\/li>\r\n<li data-start=\"943\" data-end=\"999\">\r\n<p data-start=\"945\" data-end=\"999\">\ud83d\udee0\ufe0f Repuestos y accesorios originales y alternativos<\/p>\r\n<\/li>\r\n<\/ul>\r\n<p data-start=\"1001\" data-end=\"1186\">Ya sea que tu veh\u00edculo necesite una <strong data-start=\"1037\" data-end=\"1061\">inspecci\u00f3n de rutina<\/strong> o una <strong data-start=\"1068\" data-end=\"1088\">reparaci\u00f3n mayor<\/strong>, en Barbachan Automotriz garantizamos un trabajo r\u00e1pido, seguro y con est\u00e1ndares de alta calidad.<\/p>\r\n<hr data-start=\"1188\" data-end=\"1191\" \/>\r\n<h3 data-start=\"1193\" data-end=\"1219\">\ud83c\udf1f \u00bfPor qu\u00e9 elegirnos?<\/h3>\r\n<ul data-start=\"1220\" data-end=\"1431\">\r\n<li data-start=\"1220\" data-end=\"1249\">\r\n<p data-start=\"1222\" data-end=\"1249\">Taller moderno y equipado<\/p>\r\n<\/li>\r\n<li data-start=\"1250\" data-end=\"1312\">\r\n<p data-start=\"1252\" data-end=\"1312\">Atenci\u00f3n para <strong data-start=\"1266\" data-end=\"1310\">veh\u00edculos particulares y de carga pesada<\/strong><\/p>\r\n<\/li>\r\n<li data-start=\"1313\" data-end=\"1345\">\r\n<p data-start=\"1315\" data-end=\"1345\">Personal t\u00e9cnico certificado<\/p>\r\n<\/li>\r\n<li data-start=\"1346\" data-end=\"1389\">\r\n<p data-start=\"1348\" data-end=\"1389\">Puntualidad y garant\u00eda en cada servicio<\/p>\r\n<\/li>\r\n<li data-start=\"1390\" data-end=\"1431\">\r\n<p data-start=\"1392\" data-end=\"1431\">Atenci\u00f3n personalizada y precios justos<\/p>\r\n<\/li>\r\n<\/ul>\r\n<hr data-start=\"1433\" data-end=\"1436\" \/>\r\n<h3 data-start=\"1438\" data-end=\"1478\">\ud83d\udcde \u00bfNecesitas ayuda con tu veh\u00edculo?<\/h3>\r\n<p data-start=\"1479\" data-end=\"1565\">\u00a1Cont\u00e1ctanos ahora y agenda tu cita!<br data-start=\"1515\" data-end=\"1518\" \/>\ud83d\udccd Estamos en Huaraz | \ud83d\udcf2 Atenci\u00f3n v\u00eda WhatsApp<\/p>\r\n<blockquote data-start=\"1567\" data-end=\"1631\">\r\n<p data-start=\"1569\" data-end=\"1631\">\u201cEn Barbachan Automotriz, tu veh\u00edculo est\u00e1 en manos expertas.\u201d<\/p>\r\n<\/blockquote>\r\n[\/vc_column_text][\/vc_column][\/vc_row]<\/div>","protected":false},"excerpt":{"rendered":"<p>[vc_row][vc_column][vc_column_text]La empresa HB Representaciones y Servicios EIRL. Tiene como una de sus principales actividades la prestaci\u00f3n de diferentes servicios para el desarrollo de proyectos en el sector minero, industrial y construcci\u00f3n a nivel local, regional y nacional. Nuestro personal profesional altamente calificado, equipos de \u00faltima generaci\u00f3n y la aplicaci\u00f3n de altos est\u00e1ndares de calidad, seguridad&hellip;<\/p>\n","protected":false},"author":1,"featured_media":0,"parent":0,"menu_order":0,"comment_status":"closed","ping_status":"closed","template":"","meta":{"footnotes":""},"class_list":["post-14","page","type-page","status-publish","hentry","entry","no-media"],"_links":{"self":[{"href":"https:\/\/barbachanautomotriz.com\/index.php?rest_route=\/wp\/v2\/pages\/14","targetHints":{"allow":["GET"]}}],"collection":[{"href":"https:\/\/barbachanautomotriz.com\/index.php?rest_route=\/wp\/v2\/pages"}],"about":[{"href":"https:\/\/barbachanautomotriz.com\/index.php?rest_route=\/wp\/v2\/types\/page"}],"author":[{"embeddable":true,"href":"https:\/\/barbachanautomotriz.com\/index.php?rest_route=\/wp\/v2\/users\/1"}],"replies":[{"embeddable":true,"href":"https:\/\/barbachanautomotriz.com\/index.php?rest_route=%2Fwp%2Fv2%2Fcomments&post=14"}],"version-history":[{"count":3,"href":"https:\/\/barbachanautomotriz.com\/index.php?rest_route=\/wp\/v2\/pages\/14\/revisions"}],"predecessor-version":[{"id":37,"href":"https:\/\/barbachanautomotriz.com\/index.php?rest_route=\/wp\/v2\/pages\/14\/revisions\/37"}],"wp:attachment":[{"href":"https:\/\/barbachanautomotriz.com\/index.php?rest_route=%2Fwp%2Fv2%2Fmedia&parent=14"}],"curies":[{"name":"wp","href":"https:\/\/api.w.org\/{rel}","templated":true}]}}